{"id":450,"date":"2026-03-15T14:50:06","date_gmt":"2026-03-15T13:50:06","guid":{"rendered":"https:\/\/forcat.fr\/?page_id=450"},"modified":"2026-03-15T14:53:32","modified_gmt":"2026-03-15T13:53:32","slug":"mentions-legales","status":"publish","type":"page","link":"https:\/\/forcat.fr\/index.php\/mentions-legales\/","title":{"rendered":"Mentions L\u00e9gales"},"content":{"rendered":"<p>Raison sociale : SARL FORCAT<\/p>\n<p>Si\u00e8ge social : 90 route des tours 26240 LA MOTTE DE GALAURE (France)<\/p>\n<p>Num\u00e9ro de registre du commerce : 827\u00a0623\u00a0273 00014<\/p>\n<p>SIREN : 827\u00a0623 273<\/p>\n<p>APE : 7112B<\/p>\n<p>N\u00b0 TVA\u00a0: FR 19\u00a0827\u00a0623\u00a0273<\/p>\n<p>Email\u00a0: <a href=\"mailto:contact@forcat.fr\">contact@forcat.fr<\/a><\/p>\n<p>\u200b<\/p>\n<p>\u00c9diteur du site : Forcat<\/p>\n<p>Adresse : 90 route des tours 26240 LA MOTTE DE GALAURE (France)<\/p>\n<p>Site web :\u00a0<a href=\"http:\/\/www.forcat.fr\">www.forcat.fr<\/a><\/p>\n<p><u>\u200b<\/u><\/p>\n<p>H\u00e9bergement\u00a0: <a href=\"http:\/\/www.ovhvcloud.com\">www.ovhvcloud.com<\/a><\/p>\n<p>RCS Lille M\u00e9tropole 424 761 419 00045<br \/>\nCode APE 2620Z<br \/>\nN\u00b0 TVA : FR 22 424 761 419<br \/>\nSi\u00e8ge social : 2 rue Kellermann &#8211; 59100 Roubaix &#8211; France<\/p>\n<p><u>\u200b<\/u><\/p>\n<p>La reproduction ou la repr\u00e9sentation, en tout ou en partie, des \u00e9l\u00e9ments pr\u00e9sents sur le site est strictement interdite.<\/p>\n<p>\u200b<\/p>\n<p>Droit d&rsquo;auteur : Les droits de reproduction et de repr\u00e9sentation de l&rsquo;ensemble des \u0153uvres pr\u00e9sentes sur le site sont r\u00e9serv\u00e9s.<\/p>\n<p>En cons\u00e9quence, la reproduction et la repr\u00e9sentation de tout ou partie de ce site, sur tout support que ce soit, est formellement interdite sans l&rsquo;autorisation \u00e9crite expresse du responsable de la publication.<\/p>\n<p>Les documents ne peuvent faire l&rsquo;objet de copies qu&rsquo;\u00e0 titre d&rsquo;information, la copie \u00e9tant r\u00e9serv\u00e9e au seul usage priv\u00e9.<\/p>\n<p>La cr\u00e9ation de liens vers\u00a0<a href=\"http:\/\/www.forcat.fr\">www.forcat.fr<\/a>\u00a0: Le site\u00a0<a href=\"http:\/\/www.forcat.fr\">www.forcat.fr<\/a>\u00a0autorise la mise en place d&rsquo;un lien hypertexte pointant vers son contenu, sous r\u00e9serve de ne pas utiliser la technique du lien profond (\u00abdeep linking\u00bb), c&rsquo;est-\u00e0-dire que les pages du site<a href=\"http:\/\/www.forcat.fr\">www.forcat.fr<\/a>\u00a0ne doivent pas \u00eatre imbriqu\u00e9es \u00e0 l&rsquo;int\u00e9rieur des pages d&rsquo;un autre site, mais accessibles par l&rsquo;ouverture d&rsquo;une fen\u00eatre. Mentionner la source\u00a0<a href=\"http:\/\/www.forcat.fr\">www.forcat.fr<\/a>\u00a0du contenu vis\u00e9 est obligatoire.<\/p>\n<p>Cette autorisation ne s&rsquo;applique pas aux sites Internet diffusant des informations \u00e0 caract\u00e8re pol\u00e9mique, pornographique, x\u00e9nophobe ou pouvant porter atteinte \u00e0 la sensibilit\u00e9 du plus grand nombre ou \u00e0 l&rsquo;ordre public.<\/p>\n","protected":false},"excerpt":{"rendered":"<p>Raison sociale : SARL FORCAT Si\u00e8ge social : 90 route des tours 26240 LA MOTTE DE GALAURE (France) Num\u00e9ro de registre du commerce : 827\u00a0623\u00a0273 00014 SIREN : 827\u00a0623 273 APE : 7112B N\u00b0 TVA\u00a0: FR 19\u00a0827\u00a0623\u00a0273 Email\u00a0: contact@forcat.fr \u200b \u00c9diteur du site : Forcat Adresse : 90 route des&#8230;<\/p>\n","protected":false},"author":1,"featured_media":0,"parent":0,"menu_order":0,"comment_status":"closed","ping_status":"closed","template":"","meta":[],"_links":{"self":[{"href":"https:\/\/forcat.fr\/index.php\/wp-json\/wp\/v2\/pages\/450"}],"collection":[{"href":"https:\/\/forcat.fr\/index.php\/wp-json\/wp\/v2\/pages"}],"about":[{"href":"https:\/\/forcat.fr\/index.php\/wp-json\/wp\/v2\/types\/page"}],"author":[{"embeddable":true,"href":"https:\/\/forcat.fr\/index.php\/wp-json\/wp\/v2\/users\/1"}],"replies":[{"embeddable":true,"href":"https:\/\/forcat.fr\/index.php\/wp-json\/wp\/v2\/comments?post=450"}],"version-history":[{"count":3,"href":"https:\/\/forcat.fr\/index.php\/wp-json\/wp\/v2\/pages\/450\/revisions"}],"predecessor-version":[{"id":453,"href":"https:\/\/forcat.fr\/index.php\/wp-json\/wp\/v2\/pages\/450\/revisions\/453"}],"wp:attachment":[{"href":"https:\/\/forcat.fr\/index.php\/wp-json\/wp\/v2\/media?parent=450"}],"curies":[{"name":"wp","href":"https:\/\/api.w.org\/{rel}","templated":true}]}}