{"id":14,"date":"2017-02-06T13:58:41","date_gmt":"2017-02-06T12:58:41","guid":{"rendered":"http:\/\/forcat.fr\/?page_id=14"},"modified":"2026-03-27T14:23:16","modified_gmt":"2026-03-27T13:23:16","slug":"formation","status":"publish","type":"page","link":"https:\/\/forcat.fr\/index.php\/formation\/","title":{"rendered":"Formation"},"content":{"rendered":"<h2 style=\"text-align: center;\"><span class=\"WdYUQQ text-decoration-none text-strikethrough-none\" style=\"color: #378bc9;\">FORCAT est un centre de formation en Habilitation Electrique<\/span><\/h2>\n<h2 style=\"text-align: center;\"><span class=\"WdYUQQ text-decoration-none text-strikethrough-none\" style=\"color: #378bc9;\">D\u00e9clar\u00e9 aupr\u00e8s du pr\u00e9fet de la r\u00e9gion Auvergne-Rh\u00f4ne-Alpes sous le num\u00e9ro 84260256226<\/span><\/h2>\n<h2><img decoding=\"async\" loading=\"lazy\" class=\" wp-image-394 aligncenter\" src=\"https:\/\/forcat.fr\/wp-content\/uploads\/2017\/02\/LogoQualiopi-300dpi-Avec-Marianne.png\" alt=\"\" width=\"466\" height=\"249\" srcset=\"https:\/\/forcat.fr\/wp-content\/uploads\/2017\/02\/LogoQualiopi-300dpi-Avec-Marianne.png 634w, https:\/\/forcat.fr\/wp-content\/uploads\/2017\/02\/LogoQualiopi-300dpi-Avec-Marianne-300x160.png 300w\" sizes=\"(max-width: 466px) 100vw, 466px\" \/><\/h2>\n<h3 style=\"text-align: center;\"><span style=\"color: #378bc9;\">La certification qualit\u00e9 a \u00e9t\u00e9 d\u00e9livr\u00e9e au titre de la cat\u00e9gorie d&rsquo;action suivante : Actions de Formation<\/span><\/h3>\n<p><a href=\"https:\/\/forcat.fr\/wp-content\/uploads\/2025\/01\/certificat-Qualiopi-06-23.pdf\">Certificat<\/a><\/p>\n<h2><span style=\"color: #ffffff;\">\u00a0<\/span><\/h2>\n<hr \/>\n<p><img decoding=\"async\" loading=\"lazy\" class=\"alignnone  wp-image-411\" src=\"https:\/\/forcat.fr\/wp-content\/uploads\/2023\/12\/1.png\" alt=\"\" width=\"296\" height=\"296\" srcset=\"https:\/\/forcat.fr\/wp-content\/uploads\/2023\/12\/1.png 1181w, https:\/\/forcat.fr\/wp-content\/uploads\/2023\/12\/1-300x300.png 300w, https:\/\/forcat.fr\/wp-content\/uploads\/2023\/12\/1-150x150.png 150w, https:\/\/forcat.fr\/wp-content\/uploads\/2023\/12\/1-768x768.png 768w\" sizes=\"(max-width: 296px) 100vw, 296px\" \/><img decoding=\"async\" loading=\"lazy\" class=\"alignnone  wp-image-463\" src=\"https:\/\/forcat.fr\/wp-content\/uploads\/2026\/03\/81100-moyenne-de-notation-au-test-ecrit.png\" alt=\"\" width=\"300\" height=\"300\" srcset=\"https:\/\/forcat.fr\/wp-content\/uploads\/2026\/03\/81100-moyenne-de-notation-au-test-ecrit.png 1181w, https:\/\/forcat.fr\/wp-content\/uploads\/2026\/03\/81100-moyenne-de-notation-au-test-ecrit-300x300.png 300w, https:\/\/forcat.fr\/wp-content\/uploads\/2026\/03\/81100-moyenne-de-notation-au-test-ecrit-150x150.png 150w, https:\/\/forcat.fr\/wp-content\/uploads\/2026\/03\/81100-moyenne-de-notation-au-test-ecrit-768x768.png 768w\" sizes=\"(max-width: 300px) 100vw, 300px\" \/> <img decoding=\"async\" loading=\"lazy\" class=\"alignnone  wp-image-464\" src=\"https:\/\/forcat.fr\/wp-content\/uploads\/2026\/03\/note-satis.png\" alt=\"\" width=\"300\" height=\"300\" srcset=\"https:\/\/forcat.fr\/wp-content\/uploads\/2026\/03\/note-satis.png 1181w, https:\/\/forcat.fr\/wp-content\/uploads\/2026\/03\/note-satis-300x300.png 300w, https:\/\/forcat.fr\/wp-content\/uploads\/2026\/03\/note-satis-150x150.png 150w, https:\/\/forcat.fr\/wp-content\/uploads\/2026\/03\/note-satis-768x768.png 768w\" sizes=\"(max-width: 300px) 100vw, 300px\" \/><img decoding=\"async\" loading=\"lazy\" class=\"alignnone wp-image-272\" src=\"https:\/\/forcat.fr\/wp-content\/uploads\/2017\/02\/81100-moyenne-de-notation-au-test-\u00e9crit-1.png\" alt=\"\" width=\"296\" height=\"296\" srcset=\"https:\/\/forcat.fr\/wp-content\/uploads\/2017\/02\/81100-moyenne-de-notation-au-test-\u00e9crit-1.png 1181w, https:\/\/forcat.fr\/wp-content\/uploads\/2017\/02\/81100-moyenne-de-notation-au-test-\u00e9crit-1-150x150.png 150w, https:\/\/forcat.fr\/wp-content\/uploads\/2017\/02\/81100-moyenne-de-notation-au-test-\u00e9crit-1-300x300.png 300w, https:\/\/forcat.fr\/wp-content\/uploads\/2017\/02\/81100-moyenne-de-notation-au-test-\u00e9crit-1-768x768.png 768w, https:\/\/forcat.fr\/wp-content\/uploads\/2017\/02\/81100-moyenne-de-notation-au-test-\u00e9crit-1-1024x1024.png 1024w\" sizes=\"(max-width: 296px) 100vw, 296px\" \/><\/p>\n<hr \/>\n<h2><span style=\"color: #378bc9;\"><strong>FORCAT<\/strong> vous propose des formations adapt\u00e9es \u00e0 vos besoins et \u00e0 la r\u00e9glementation.<\/span><br \/><span style=\"color: #378bc9;\"> Toutes les formations sont conformes \u00e0 la Norme NF C 18-510 A2<\/span><\/h2>\n<p><img decoding=\"async\" loading=\"lazy\" class=\"alignnone size-full wp-image-336\" src=\"https:\/\/forcat.fr\/wp-content\/uploads\/2017\/02\/Niveaux-dhabilitation-1.png\" alt=\"\" width=\"2000\" height=\"1428\" srcset=\"https:\/\/forcat.fr\/wp-content\/uploads\/2017\/02\/Niveaux-dhabilitation-1.png 2000w, https:\/\/forcat.fr\/wp-content\/uploads\/2017\/02\/Niveaux-dhabilitation-1-300x214.png 300w, https:\/\/forcat.fr\/wp-content\/uploads\/2017\/02\/Niveaux-dhabilitation-1-768x548.png 768w\" sizes=\"(max-width: 2000px) 100vw, 2000px\" \/><\/p>\n<hr \/>\n<h2><span style=\"color: #378bc9;\">Programmes :<\/span><\/h2>\n<h3><a href=\"https:\/\/forcat.fr\/wp-content\/uploads\/2025\/01\/Programme-B0.pdf\"><img decoding=\"async\" loading=\"lazy\" class=\"alignnone wp-image-287\" src=\"https:\/\/forcat.fr\/wp-content\/uploads\/2017\/02\/B0.png\" alt=\"\" width=\"190\" height=\"190\" srcset=\"https:\/\/forcat.fr\/wp-content\/uploads\/2017\/02\/B0.png 500w, https:\/\/forcat.fr\/wp-content\/uploads\/2017\/02\/B0-150x150.png 150w, https:\/\/forcat.fr\/wp-content\/uploads\/2017\/02\/B0-300x300.png 300w\" sizes=\"(max-width: 190px) 100vw, 190px\" \/><\/a>\u00a0 \u00a0 \u00a0\u00a0<a href=\"https:\/\/forcat.fr\/wp-content\/uploads\/2025\/01\/Programme-BS-BE.pdf\"><img decoding=\"async\" loading=\"lazy\" class=\"alignnone wp-image-293\" src=\"https:\/\/forcat.fr\/wp-content\/uploads\/2017\/02\/B0-1.png\" alt=\"\" width=\"190\" height=\"190\" srcset=\"https:\/\/forcat.fr\/wp-content\/uploads\/2017\/02\/B0-1.png 500w, https:\/\/forcat.fr\/wp-content\/uploads\/2017\/02\/B0-1-150x150.png 150w, https:\/\/forcat.fr\/wp-content\/uploads\/2017\/02\/B0-1-300x300.png 300w\" sizes=\"(max-width: 190px) 100vw, 190px\" \/><\/a>\u00a0 \u00a0 \u00a0 \u00a0<a href=\"https:\/\/forcat.fr\/wp-content\/uploads\/2025\/01\/Programme-B2V-BR-BC.pdf\"><img decoding=\"async\" loading=\"lazy\" class=\"alignnone wp-image-300\" src=\"https:\/\/forcat.fr\/wp-content\/uploads\/2017\/02\/B0-2.png\" alt=\"\" width=\"190\" height=\"190\" srcset=\"https:\/\/forcat.fr\/wp-content\/uploads\/2017\/02\/B0-2.png 500w, https:\/\/forcat.fr\/wp-content\/uploads\/2017\/02\/B0-2-150x150.png 150w, https:\/\/forcat.fr\/wp-content\/uploads\/2017\/02\/B0-2-300x300.png 300w\" sizes=\"(max-width: 190px) 100vw, 190px\" \/><span style=\"color: #ffffff;\">\u00a0<\/span><\/a><a href=\"https:\/\/forcat.fr\/wp-content\/uploads\/2025\/01\/Programme-H2V.pdf\"><img decoding=\"async\" loading=\"lazy\" class=\"alignnone wp-image-375\" src=\"https:\/\/forcat.fr\/wp-content\/uploads\/2017\/02\/B0-3.png\" alt=\"\" width=\"190\" height=\"190\" srcset=\"https:\/\/forcat.fr\/wp-content\/uploads\/2017\/02\/B0-3.png 500w, https:\/\/forcat.fr\/wp-content\/uploads\/2017\/02\/B0-3-150x150.png 150w, https:\/\/forcat.fr\/wp-content\/uploads\/2017\/02\/B0-3-300x300.png 300w\" sizes=\"(max-width: 190px) 100vw, 190px\" \/><\/a><\/h3>\n<hr \/>\n<h3><img decoding=\"async\" loading=\"lazy\" class=\"alignnone size-full wp-image-364\" src=\"https:\/\/forcat.fr\/wp-content\/uploads\/2017\/02\/Interintra-entreprise-1.png\" alt=\"\" width=\"2000\" height=\"1428\" srcset=\"https:\/\/forcat.fr\/wp-content\/uploads\/2017\/02\/Interintra-entreprise-1.png 2000w, https:\/\/forcat.fr\/wp-content\/uploads\/2017\/02\/Interintra-entreprise-1-300x214.png 300w, https:\/\/forcat.fr\/wp-content\/uploads\/2017\/02\/Interintra-entreprise-1-768x548.png 768w\" sizes=\"(max-width: 2000px) 100vw, 2000px\" \/><\/h3>\n<h2><span style=\"color: #378bc9;\">Pour FORCAT, une formation en habilitation \u00e9lectrique n\u00e9cessite de pratiquer et de manipuler, c&rsquo;est pourquoi l&rsquo;ensemble des formations se font en 100% pr\u00e9sentiel.<\/span><\/h2>\n<p><span style=\"color: #ffffff;\">========================!!!!!==========<\/span><a href=\"https:\/\/forcat.fr\/wp-content\/uploads\/2026\/03\/tarif-inter-2026.pdf\"><img decoding=\"async\" loading=\"lazy\" class=\"alignnone wp-image-362\" src=\"https:\/\/forcat.fr\/wp-content\/uploads\/2017\/02\/81100-moyenne-de-notation-au-test-\u00e9crit-1-1.png\" alt=\"\" width=\"176\" height=\"176\" srcset=\"https:\/\/forcat.fr\/wp-content\/uploads\/2017\/02\/81100-moyenne-de-notation-au-test-\u00e9crit-1-1.png 1181w, https:\/\/forcat.fr\/wp-content\/uploads\/2017\/02\/81100-moyenne-de-notation-au-test-\u00e9crit-1-1-150x150.png 150w, https:\/\/forcat.fr\/wp-content\/uploads\/2017\/02\/81100-moyenne-de-notation-au-test-\u00e9crit-1-1-300x300.png 300w, https:\/\/forcat.fr\/wp-content\/uploads\/2017\/02\/81100-moyenne-de-notation-au-test-\u00e9crit-1-1-768x768.png 768w\" sizes=\"(max-width: 176px) 100vw, 176px\" \/><\/a>\u00a0 \u00a0 \u00a0 \u00a0 \u00a0 \u00a0 \u00a0 \u00a0 <span style=\"color: #ffffff;\">\u00a0!!!!!!!!!!!!!!!!!!!!!!!!!!!!!!!!!!!!!!!!!!!!!!!!!!!!!!!!!\u00a0 \u00a0 \u00a0 \u00a0 \u00a0 \u00a0 !!!!!!!!\u00a0 \u00a0 \u00a0 \u00a0 \u00a0<\/span> \u00a0 \u00a0 \u00a0<a href=\"https:\/\/forcat.fr\/wp-content\/uploads\/2026\/03\/tarif-intra-2026.pdf\"><img decoding=\"async\" loading=\"lazy\" class=\"alignnone wp-image-365\" src=\"https:\/\/forcat.fr\/wp-content\/uploads\/2017\/02\/81100-moyenne-de-notation-au-test-\u00e9crit-2-1.png\" alt=\"\" width=\"176\" height=\"176\" srcset=\"https:\/\/forcat.fr\/wp-content\/uploads\/2017\/02\/81100-moyenne-de-notation-au-test-\u00e9crit-2-1.png 1181w, https:\/\/forcat.fr\/wp-content\/uploads\/2017\/02\/81100-moyenne-de-notation-au-test-\u00e9crit-2-1-150x150.png 150w, https:\/\/forcat.fr\/wp-content\/uploads\/2017\/02\/81100-moyenne-de-notation-au-test-\u00e9crit-2-1-300x300.png 300w, https:\/\/forcat.fr\/wp-content\/uploads\/2017\/02\/81100-moyenne-de-notation-au-test-\u00e9crit-2-1-768x768.png 768w\" sizes=\"(max-width: 176px) 100vw, 176px\" \/><\/a><\/p>\n<p>\u00a0<\/p>\n<hr \/>\n<h2><span style=\"color: #378bc9;\">Pour toute demande de renseignement ou de devis : <a style=\"color: #378bc9;\" href=\"mailto:formation@forcat.fr\">formation@forcat.fr<\/a><\/span><\/h2>\n<h4>Devis valable 30 jours. A r\u00e9ception du contrat sign\u00e9, la formation se fera sous 30 jours ouvr\u00e9s.<\/h4>\n<hr \/>\n<h3>Conditions G\u00e9n\u00e9rales de Vente :<span style=\"color: #378bc9;\">\u00a0<a style=\"color: #378bc9;\" href=\"https:\/\/forcat.fr\/wp-content\/uploads\/2025\/01\/CGV-v3.pdf\">CGV<\/a><\/span><\/h3>\n<hr \/>\n<h3>R\u00e8glement Int\u00e9rieur :<span style=\"color: #378bc9;\">\u00a0<a style=\"color: #378bc9;\" href=\"https:\/\/forcat.fr\/wp-content\/uploads\/2025\/01\/Reglement-v2.pdf\">R\u00e8glement int\u00e9rieur<\/a><\/span><\/h3>\n<hr \/>\n<h3><strong>Attention !<\/strong> La formation pr\u00e9paratoire \u00e0 l&rsquo;habilitation \u00e9lectrique apporte uniquement des connaissances sur la pr\u00e9vention du risque \u00e9lectrique. Si un travailleur n&rsquo;a pas toutes les comp\u00e9tences techniques requises pour r\u00e9aliser l&rsquo;op\u00e9ration, il conviendra de lui faire suivre une formation technique compl\u00e9mentaire avant le stage pr\u00e9paratoire \u00e0 l&rsquo;habilitation ou de limiter ses t\u00e2ches \u00e0 certaines op\u00e9rations.<\/h3>\n<h3>Conform\u00e9ment \u00e0 l&rsquo;ED6127 de l&rsquo;INRS, paru en D\u00e9cembre 2020,\u00a0\u00ab\u00a0il n\u2019existe pas, sur le plan r\u00e9glementaire, de crit\u00e8res d\u2019aptitude ni de contre-indications formelles \u00e0 la pratique d\u2019un m\u00e9tier soumis au risque \u00e9lectrique. Le contenu du suivi de l\u2019\u00e9tat de sant\u00e9 est laiss\u00e9 \u00e0 l\u2019appr\u00e9ciation du m\u00e9decin du travail \u00bb. L\u2019employeur s\u2019assure que l\u2019\u00e9tat de sant\u00e9 des stagiaires est en ad\u00e9quation avec la formation.<\/h3>\n<h3>L\u2019accessibilit\u00e9 de la formation aux personnes en situation de handicap est possible lors des formations intra-entreprises. Il est \u00e9galement envisageable d\u2019adapter le temps et les contenus aux diff\u00e9rents publics vis\u00e9s tout en respectant les pr\u00e9conisations de la norme NF C18-510 A2. Pour cela, n&rsquo;h\u00e9sitez pas \u00e0 nous contacter via formation@forcat.fr . Plus d&rsquo;informations<span style=\"color: #378bc9;\"> <a style=\"color: #378bc9;\" href=\"https:\/\/forcat.fr\/wp-content\/uploads\/2025\/01\/Accesibilite-et-handicap.pdf\">i<\/a><a style=\"color: #378bc9;\" href=\"https:\/\/forcat.fr\/wp-content\/uploads\/2025\/01\/Accesibilite-et-handicap.pdf\">ci<\/a>.<\/span><\/h3>\n\n\n<figure class=\"wp-block-image\"><img alt=\"\"\/><\/figure>\n\n\n\n<figure class=\"wp-block-image\"><img alt=\"\"\/><\/figure>\n\n\n\n<figure class=\"wp-block-image\"><img alt=\"\"\/><\/figure>\n\n\n\n<figure class=\"wp-block-image\"><img alt=\"\"\/><\/figure>\n","protected":false},"excerpt":{"rendered":"<p>FORCAT est un centre de formation en Habilitation Electrique D\u00e9clar\u00e9 aupr\u00e8s du pr\u00e9fet de la r\u00e9gion Auvergne-Rh\u00f4ne-Alpes sous le num\u00e9ro 84260256226 La certification qualit\u00e9 a \u00e9t\u00e9 d\u00e9livr\u00e9e au titre de la cat\u00e9gorie d&rsquo;action suivante : Actions de Formation Certificat \u00a0 FORCAT vous propose des formations adapt\u00e9es \u00e0 vos besoins et&#8230;<\/p>\n","protected":false},"author":1,"featured_media":0,"parent":0,"menu_order":0,"comment_status":"closed","ping_status":"closed","template":"template-fullwidth.php","meta":[],"_links":{"self":[{"href":"https:\/\/forcat.fr\/index.php\/wp-json\/wp\/v2\/pages\/14"}],"collection":[{"href":"https:\/\/forcat.fr\/index.php\/wp-json\/wp\/v2\/pages"}],"about":[{"href":"https:\/\/forcat.fr\/index.php\/wp-json\/wp\/v2\/types\/page"}],"author":[{"embeddable":true,"href":"https:\/\/forcat.fr\/index.php\/wp-json\/wp\/v2\/users\/1"}],"replies":[{"embeddable":true,"href":"https:\/\/forcat.fr\/index.php\/wp-json\/wp\/v2\/comments?post=14"}],"version-history":[{"count":111,"href":"https:\/\/forcat.fr\/index.php\/wp-json\/wp\/v2\/pages\/14\/revisions"}],"predecessor-version":[{"id":465,"href":"https:\/\/forcat.fr\/index.php\/wp-json\/wp\/v2\/pages\/14\/revisions\/465"}],"wp:attachment":[{"href":"https:\/\/forcat.fr\/index.php\/wp-json\/wp\/v2\/media?parent=14"}],"curies":[{"name":"wp","href":"https:\/\/api.w.org\/{rel}","templated":true}]}}